{"id":14,"date":"2022-05-24T14:57:58","date_gmt":"2022-05-24T14:57:58","guid":{"rendered":"https:\/\/startersites.io\/blocksy\/barber-shop\/?page_id=14"},"modified":"2026-02-13T20:47:32","modified_gmt":"2026-02-13T19:47:32","slug":"about","status":"publish","type":"page","link":"http:\/\/alumno09.shopenlaces.com.es\/alumno09wp\/?page_id=14","title":{"rendered":"Sobre nosotros"},"content":{"rendered":"\n<div class=\"wp-block-stackable-columns alignfull stk-block-columns stk-block stk-2745f65 stk-block-background stk--has-background-overlay\" data-block-id=\"2745f65\"><style>.stk-2745f65 {background-color:var(--theme-palette-color-4, #1A1E21) !important;background-image:url(http:\/\/alumno09.shopenlaces.com.es\/alumno09wp\/wp-content\/uploads\/2026\/01\/5dc8498a-2ed2-40cb-9d07-5aaed4275503.jpeg) !important;padding-top:100px !important;padding-bottom:100px !important;margin-bottom:0px !important;}.stk-2745f65:before{background-color:var(--theme-palette-color-4, #1A1E21) !important;opacity:0.5 !important;}<\/style><div class=\"stk-row stk-inner-blocks stk-block-content stk-content-align stk-2745f65-column\">\n<div class=\"wp-block-stackable-column stk-block-column stk-column stk-block stk-1764027\" data-v=\"4\" data-block-id=\"1764027\"><style>.stk-1764027-container{margin-top:0px !important;margin-right:0px !important;margin-bottom:0px !important;margin-left:0px !important;}<\/style><div class=\"stk-column-wrapper stk-block-column__content stk-container stk-1764027-container stk--no-background stk--no-padding\"><div class=\"stk-block-content stk-inner-blocks stk-1764027-inner-blocks\">\n<div class=\"wp-block-stackable-heading stk-block-heading stk-block-heading--v2 stk-block stk-98c76d6\" id=\"about-us\" data-block-id=\"98c76d6\"><style>.stk-98c76d6 .stk-block-heading__text{font-size:50px !important;color:var(--theme-palette-color-8, #ffffff) !important;}@media screen and (max-width:999px){.stk-98c76d6 .stk-block-heading__text{font-size:35px !important;}}<\/style><h2 class=\"stk-block-heading__text has-text-color has-text-align-center\">About Us<\/h2><\/div>\n<\/div><\/div><\/div>\n<\/div><\/div>\n\n\n\n<div class=\"wp-block-stackable-columns alignfull stk-block-columns stk-block stk-15a816e stk-block-background stk--has-background-overlay\" data-block-id=\"15a816e\"><style>.stk-15a816e {background-color:var(--theme-palette-color-4, #1A1E21) !important;background-image:url(http:\/\/alumno09.shopenlaces.com.es\/alumno09wp\/wp-content\/uploads\/2022\/05\/lines-background.svg) !important;padding-top:100px !important;padding-bottom:100px !important;margin-bottom:0px !important;}.stk-15a816e:before{background-color:var(--theme-palette-color-4, #1A1E21) !important;opacity:0.4 !important;}.stk-15a816e-column{--stk-column-gap:100px !important;row-gap:50px !important;}@media screen and (max-width:999px){.stk-15a816e {padding-top:60px !important;padding-bottom:60px !important;}}<\/style><div class=\"stk-row stk-inner-blocks stk-block-content stk-content-align stk-15a816e-column\">\n<div class=\"wp-block-stackable-column stk-block-column stk-column stk-block stk-0c21965\" data-v=\"4\" data-block-id=\"0c21965\"><style>.stk-0c21965-container{margin-top:0px !important;margin-right:0px !important;margin-bottom:0px !important;margin-left:0px !important;}@media screen and (min-width:690px) and (max-width:999px){.stk-0c21965 {flex:var(--stk-flex-grow, 1) 1 calc(100% - var(--stk-column-gap, 0px) * 0 \/ 1 ) !important;}}<\/style><div class=\"stk-column-wrapper stk-block-column__content stk-container stk-0c21965-container stk--no-background stk--no-padding\"><div class=\"stk-block-content stk-inner-blocks stk-0c21965-inner-blocks\">\n<div class=\"wp-block-stackable-text stk-block-text stk-block stk-88ec6eb\" data-block-id=\"88ec6eb\"><style>.stk-88ec6eb {margin-bottom:30px !important;}.stk-88ec6eb .stk-block-text__text{font-size:16px !important;color:var(--theme-palette-color-1, #EA714C) !important;font-weight:600 !important;text-transform:uppercase !important;}@media screen and (max-width:999px){.stk-88ec6eb {margin-bottom:20px !important;}.stk-88ec6eb .stk-block-text__text{font-size:14px !important;}}<\/style><p class=\"stk-block-text__text has-text-color has-text-align-center-tablet\">nuestra historia<\/p><\/div>\n\n\n\n<div class=\"wp-block-stackable-heading stk-block-heading stk-block-heading--v2 stk-block stk-a0b6678\" id=\"smash-appetit\" data-block-id=\"a0b6678\"><style>.stk-a0b6678 {margin-bottom:30px !important;}.stk-a0b6678 .stk-block-heading__text{font-size:50px !important;color:#fffffe !important;}@media screen and (max-width:999px){.stk-a0b6678 .stk-block-heading__text{font-size:35px !important;}}<\/style><h2 class=\"stk-block-heading__text has-text-color has-text-align-center-tablet\">Smash App\u00e9tit<\/h2><\/div>\n<\/div><\/div><\/div>\n\n\n\n<div class=\"wp-block-stackable-column stk-block-column stk-column stk-block stk-9579468\" data-v=\"4\" data-block-id=\"9579468\"><style>.stk-9579468-container{margin-top:0px !important;margin-right:0px !important;margin-bottom:0px !important;margin-left:0px !important;}@media screen and (min-width:690px) and (max-width:999px){.stk-9579468 {flex:var(--stk-flex-grow, 1) 1 calc(100% - var(--stk-column-gap, 0px) * 0 \/ 1 ) !important;}}<\/style><div class=\"stk-column-wrapper stk-block-column__content stk-container stk-9579468-container stk--no-background stk--no-padding\"><div class=\"stk-block-content stk-inner-blocks stk-9579468-inner-blocks\">\n<div class=\"wp-block-stackable-text stk-block-text stk-block stk-dffa682\" data-block-id=\"dffa682\"><style>.stk-dffa682 {margin-bottom:12px !important;}.stk-dffa682 .stk-block-text__text{color:#fffffe !important;}<\/style><p class=\"stk-block-text__text has-text-color has-text-align-center-tablet\">Todo comenz\u00f3 con una plancha caliente, buena carne y una obsesi\u00f3n: hacer la hamburguesa perfecta.<\/p><\/div>\n\n\n\n<p class=\"has-palette-color-6-color has-text-color has-link-color wp-elements-cc5fc6f6d93d50421b89ecbcbafd0b4d\">Smash naci\u00f3 como un proyecto peque\u00f1o, casi casero. Prob\u00e1bamos mezclas, prens\u00e1bamos la carne una y otra vez, ajust\u00e1bamos tiempos, cambi\u00e1bamos panes\u2026 hasta que entendimos algo fundamental: la magia estaba en lo simple. Carne de calidad, bien smashada, fuego intenso y cero complicaciones innecesarias.<\/p>\n\n\n\n<div class=\"wp-block-stackable-text stk-block-text stk-block stk-362a1d3\" data-block-id=\"362a1d3\"><style>.stk-362a1d3 .stk-block-text__text{color:#fffffe !important;}<\/style><p class=\"stk-block-text__text has-text-color has-text-align-center-tablet\">Lo que empez\u00f3 como reuniones entre amigos y pruebas en cocina se convirti\u00f3 en pedidos por recomendaci\u00f3n. Primero fueron conocidos, luego amigos de amigos\u2026 y pronto la voz empez\u00f3 a correr. La gente no solo ven\u00eda por una hamburguesa, ven\u00eda por esa costra crujiente, ese queso perfectamente fundido y ese sabor que se queda en la memoria.<\/p><\/div>\n<\/div><\/div><\/div>\n<\/div><\/div>\n\n\n\n<div class=\"wp-block-stackable-spacer stk-block-spacer stk--no-padding stk-block stk-8d3f775 stk-block-background\" data-block-id=\"8d3f775\"><style>.stk-8d3f775 {height:100px !important;background-color:var(--theme-palette-color-4, #1A1E21) !important;}.stk-8d3f775:before{background-color:var(--theme-palette-color-4, #1A1E21) !important;}@media screen and (max-width:999px){.stk-8d3f775 {height:60px !important;}}<\/style><\/div>\n\n\n\n<div class=\"wp-block-stackable-columns stk-block-columns stk-block stk-812cef3 stk-block-background\" data-block-id=\"812cef3\"><style>.stk-812cef3 {background-color:var(--theme-palette-color-7, #F8F3F0) !important;padding-top:0px !important;padding-right:100px !important;padding-bottom:0px !important;padding-left:100px !important;margin-bottom:-200px !important;z-index:2 !important;}.stk-812cef3:before{background-color:var(--theme-palette-color-7, #F8F3F0) !important;}.stk-812cef3-column{--stk-column-gap:100px !important;row-gap:50px !important;}@media screen and (max-width:999px){.stk-812cef3 {padding-top:0px !important;padding-right:0px !important;padding-bottom:0px !important;padding-left:0px !important;}}<\/style><div class=\"stk-row stk-inner-blocks stk-block-content stk-content-align stk-812cef3-column\">\n<div class=\"wp-block-stackable-column stk-block-column stk-column stk-block stk-7c3425a\" data-v=\"4\" data-block-id=\"7c3425a\"><style>.stk-7c3425a-container{margin-top:0px !important;margin-right:0px !important;margin-bottom:0px !important;margin-left:0px !important;}.stk-7c3425a {align-self:center !important;padding-top:80px !important;padding-bottom:80px !important;}@media screen and (min-width:690px){.stk-7c3425a {flex:var(--stk-flex-grow, 1) 1 calc(92.5% - var(--stk-column-gap, 0px) * 1 \/ 2 ) !important;}}@media screen and (min-width:690px) and (max-width:999px){.stk-7c3425a {flex:var(--stk-flex-grow, 1) 1 calc(100% - var(--stk-column-gap, 0px) * 0 \/ 1 ) !important;}}@media screen and (max-width:999px){.stk-7c3425a {padding-top:60px !important;padding-right:60px !important;padding-bottom:0px !important;padding-left:60px !important;}}@media screen and (max-width:689px){.stk-7c3425a {padding-top:60px !important;padding-right:40px !important;padding-bottom:0px !important;padding-left:40px !important;}}<\/style><div class=\"stk-column-wrapper stk-block-column__content stk-container stk-7c3425a-container stk--no-background stk--no-padding\"><div class=\"stk-block-content stk-inner-blocks stk-7c3425a-inner-blocks\">\n<p>Descubrimos que la verdadera magia estaba en la t\u00e9cnica smash. Prensar la carne directamente sobre la plancha caliente no solo era un m\u00e9todo, era una declaraci\u00f3n de intenci\u00f3n. Ese sonido al tocar el acero, esa costra dorada form\u00e1ndose en los bordes, ese aroma intenso que llenaba el espacio\u2026 ah\u00ed entendimos que hab\u00edamos encontrado nuestro sello. No se trataba de complicar la receta, sino de respetar el producto y potenciar su sabor al m\u00e1ximo.<\/p>\n\n\n\n<p>Al principio todo era peque\u00f1o. Cocin\u00e1bamos para amigos, para reuniones improvisadas, para quienes quer\u00edan probar \u201cesa nueva hamburguesa\u201d de la que empezaban a hablar. Lo que nunca imaginamos fue que el boca a boca se convertir\u00eda en nuestro mejor aliado. Las recomendaciones crecieron, las fotos empezaron a circular en redes y cada vez m\u00e1s personas llegaban con la misma frase: \u201cMe dijeron que ten\u00eda que probarla\u201d.<\/p>\n\n\n\n<p>Fue as\u00ed como pasamos de ser una idea a convertirnos en una hamburgueser\u00eda artesanal con identidad propia. Crecimos sin perder nuestra esencia. Seguimos trabajando con carne seleccionada, pan artesanal y salsas preparadas en casa. Cada hamburguesa se hace al momento, porque creemos que la calidad no se negocia y el sabor no se improvisa.<\/p>\n\n\n\n<p>Lo que nos distingue no es solo la t\u00e9cnica, es la intenci\u00f3n detr\u00e1s de cada smash. Nos importa el detalle, la temperatura exacta, el equilibrio perfecto entre queso, carne y pan. Nos importa que cada persona que nos visita viva una experiencia, no solo que coma algo r\u00e1pido. Queremos que el primer mordisco sorprenda y que el \u00faltimo deje ganas de volver.<\/p>\n\n\n\n<p>Hoy seguimos fieles a lo que nos hizo empezar: pasi\u00f3n por el fuego, respeto por el ingrediente y compromiso con el sabor. No buscamos ser los m\u00e1s grandes, buscamos ser los mejores en lo que hacemos. Porque para nosotros, una hamburguesa no es solo comida. Es dedicaci\u00f3n, car\u00e1cter y una promesa cumplida en cada bocado.<\/p>\n<\/div><\/div><\/div>\n\n\n\n<div class=\"wp-block-stackable-column stk-block-column stk-column stk-block stk-ce0a839\" data-v=\"4\" data-block-id=\"ce0a839\"><style>.stk-ce0a839-container{margin-top:0px !important;margin-right:0px !important;margin-bottom:0px !important;margin-left:0px !important;}.stk-ce0a839 {align-self:flex-end !important;margin-top:-100px !important;}@media screen and (min-width:690px){.stk-ce0a839 {flex:var(--stk-flex-grow, 1) 1 calc(7.5% - var(--stk-column-gap, 0px) * 1 \/ 2 ) !important;}}@media screen and (min-width:690px) and (max-width:999px){.stk-ce0a839 {flex:var(--stk-flex-grow, 1) 1 calc(100% - var(--stk-column-gap, 0px) * 0 \/ 1 ) !important;}}@media screen and (max-width:999px){.stk-ce0a839 {margin-top:0px !important;}}<\/style><div class=\"stk-column-wrapper stk-block-column__content stk-container stk-ce0a839-container stk--no-background stk--no-padding\"><div class=\"stk-block-content stk-inner-blocks stk-ce0a839-inner-blocks\"><\/div><\/div><\/div>\n<\/div><\/div>\n\n\n\n<div class=\"wp-block-stackable-spacer alignfull stk-block-spacer stk--no-padding stk-block stk-8733109 stk-block-background\" data-block-id=\"8733109\"><style>.stk-8733109 {height:200px !important;background-color:var(--theme-palette-color-4, #1A1E21) !important;}.stk-8733109:before{background-color:var(--theme-palette-color-4, #1A1E21) !important;}<\/style><\/div>\n\n\n\n<p><\/p>\n","protected":false},"excerpt":{"rendered":"<p>About Us nuestra historia Smash App\u00e9tit Todo comenz\u00f3 con una plancha caliente, buena carne y una obsesi\u00f3n: hacer la hamburguesa perfecta. Smash naci\u00f3 como un proyecto peque\u00f1o, casi casero. Prob\u00e1bamos mezclas, prens\u00e1bamos la carne una y otra vez, ajust\u00e1bamos tiempos, cambi\u00e1bamos panes\u2026 hasta que entendimos algo fundamental: la magia estaba en lo simple. Carne de [&hellip;]<\/p>\n","protected":false},"author":1,"featured_media":0,"parent":0,"menu_order":0,"comment_status":"closed","ping_status":"closed","template":"","meta":{"footnotes":""},"class_list":["post-14","page","type-page","status-publish","hentry"],"blocksy_meta":{"styles_descriptor":{"styles":{"desktop":"","tablet":"","mobile":""},"google_fonts":[],"version":6},"page_title_panel":"","has_hero_section":"disabled","1f03916223e497f902b6ea1f41879de5":"","hero_section":"type-1","hero_elements":[{"id":"custom_title","enabled":true,"heading_tag":"h1","title":"Home"},{"id":"custom_description","enabled":true,"description_visibility":{"desktop":true,"tablet":true,"mobile":false}},{"id":"custom_meta","enabled":false,"meta_elements":[{"id":"author","enabled":true,"label":"By","has_author_avatar":"yes","avatar_size":25},{"id":"post_date","enabled":true,"label":"On","date_format_source":"default","date_format":"M j, Y"},{"id":"updated_date","enabled":false,"label":"On","date_format_source":"default","date_format":"M j, Y"},{"id":"categories","enabled":false,"label":"In","style":"simple"},{"id":"comments","enabled":true}],"page_meta_elements":{"joined":true,"articles_count":true,"comments":true}},{"id":"breadcrumbs","enabled":false}],"ee22a3572202750f968be8a1ba560054":"","hero_alignment1":"CT_CSS_SKIP_RULE","hero_margin":40,"hero_alignment2":"center","hero_vertical_alignment":"center","7e564e052697317af9efb915c566b5df":"","hero_structure":"narrow","4537bd8aa4756072752e0f23a3371357":"","page_title_bg_type":"featured_image","custom_hero_background":{"attachment_id":null},"page_title_image_size":"full","parallax":{"desktop":false,"tablet":false,"mobile":false},"e7d6cb9b61dc9375e9a731ef76ea62f9":"","hero_height":"250px","pageTitleFont":{"family":"Default","variation":"Default","size":"30px","line-height":"CT_CSS_SKIP_RULE","letter-spacing":"CT_CSS_SKIP_RULE","text-transform":"CT_CSS_SKIP_RULE","text-decoration":"CT_CSS_SKIP_RULE"},"pageTitleFontColor":{"default":{"color":"CT_CSS_SKIP_RULEDEFAULT"}},"pageMetaFont":{"family":"Default","variation":"n6","size":"12px","line-height":"1.3","letter-spacing":"CT_CSS_SKIP_RULE","text-transform":"uppercase","text-decoration":"CT_CSS_SKIP_RULE"},"pageMetaFontColor":{"default":{"color":"CT_CSS_SKIP_RULEDEFAULT"},"hover":{"color":"CT_CSS_SKIP_RULEDEFAULT"}},"page_meta_button_type_font_colors":{"default":{"color":"CT_CSS_SKIP_RULEDEFAULT"},"hover":{"color":"CT_CSS_SKIP_RULEDEFAULT"}},"page_meta_button_type_background_colors":{"default":{"color":"CT_CSS_SKIP_RULEDEFAULT"},"hover":{"color":"CT_CSS_SKIP_RULEDEFAULT"}},"pageExcerptFont":{"family":"Default","variation":"Default","size":"CT_CSS_SKIP_RULE","line-height":"CT_CSS_SKIP_RULE","letter-spacing":"CT_CSS_SKIP_RULE","text-transform":"CT_CSS_SKIP_RULE","text-decoration":"CT_CSS_SKIP_RULE"},"pageExcerptColor":{"default":{"color":"CT_CSS_SKIP_RULEDEFAULT"}},"breadcrumbsFont":{"family":"Default","variation":"Default","size":"CT_CSS_SKIP_RULE","line-height":"CT_CSS_SKIP_RULE","letter-spacing":"CT_CSS_SKIP_RULE","text-transform":"CT_CSS_SKIP_RULE","text-decoration":"CT_CSS_SKIP_RULE"},"breadcrumbsFontColor":{"default":{"color":"CT_CSS_SKIP_RULEDEFAULT"},"initial":{"color":"CT_CSS_SKIP_RULEDEFAULT"},"hover":{"color":"CT_CSS_SKIP_RULEDEFAULT"}},"pageTitleOverlay":{"background_type":"color","background_pattern":"type-1","background_image":{"attachment_id":null,"x":0,"y":0},"gradient":"linear-gradient(135deg,rgba(6,147,227,1) 0%,rgb(155,81,224) 100%)","background_repeat":"repeat","background_size":"auto","background_attachment":"scroll","patternColor":{"default":{"color":"#e5e7ea"}},"overlayColor":{"default":{"color":"CT_CSS_SKIP_RULE"}},"backgroundColor":{"default":{"color":"CT_CSS_SKIP_RULE"}}},"pageTitleBackground":{"background_type":"color","background_pattern":"type-1","background_image":{"attachment_id":null,"x":0,"y":0},"gradient":"linear-gradient(135deg,rgba(6,147,227,1) 0%,rgb(155,81,224) 100%)","background_repeat":"repeat","background_size":"auto","background_attachment":"scroll","patternColor":{"default":{"color":"#e5e7ea"}},"overlayColor":{"default":{"color":"CT_CSS_SKIP_RULE"}},"backgroundColor":{"default":{"color":"var(--theme-palette-color-6)"}}},"pageTitlePadding":{"top":"50px","bottom":"50px","left":"auto","right":"auto","linked":true},"9594b949e5b7eac790c20f18a66344ec":"","page_structure_type":"default","b3c19357fc1aac9b9ba16039964435fe":"","content_style_source":"inherit","content_style":"wide","vertical_spacing_source":"custom","content_area_spacing":"none","background":{"background_type":"color","background_pattern":"type-1","background_image":{"attachment_id":null,"x":0,"y":0},"gradient":"linear-gradient(135deg,rgba(6,147,227,1) 0%,rgb(155,81,224) 100%)","background_repeat":"repeat","background_size":"auto","background_attachment":"scroll","patternColor":{"default":{"color":"#e5e7ea"}},"overlayColor":{"default":{"color":"CT_CSS_SKIP_RULE"}},"backgroundColor":{"default":{"color":"CT_CSS_SKIP_RULE"}}},"content_background":{"background_type":"color","background_pattern":"type-1","background_image":{"attachment_id":null,"x":0,"y":0},"gradient":"linear-gradient(135deg,rgba(6,147,227,1) 0%,rgb(155,81,224) 100%)","background_repeat":"repeat","background_size":"auto","background_attachment":"scroll","patternColor":{"default":{"color":"#e5e7ea"}},"overlayColor":{"default":{"color":"CT_CSS_SKIP_RULE"}},"backgroundColor":{"default":{"color":"var(--theme-palette-color-8)"}}},"content_boxed_shadow":{"inherit":false,"blur":18,"spread":-6,"v_offset":12,"h_offset":0,"inset":false,"enable":true,"color":{"color":"rgba(34, 56, 101, 0.04)"}},"content_boxed_border":{"width":1,"style":"none","color":{"color":"rgba(44,62,80,0.2)"}},"content_boxed_radius":{"top":"3px","bottom":"3px","left":"3px","right":"3px","linked":true},"boxed_content_spacing":{"desktop":{"top":"40px","bottom":"40px","left":"40px","right":"40px","linked":true},"tablet":{"top":"35px","bottom":"35px","left":"35px","right":"35px","linked":true},"mobile":{"top":"20px","bottom":"20px","left":"20px","right":"20px","linked":true}},"f00738e0ec7a991b33f9e30ef07ece20":"","disable_featured_image":"no","disable_share_box":"no","disable_header":"no","disable_footer":"no"},"_links":{"self":[{"href":"http:\/\/alumno09.shopenlaces.com.es\/alumno09wp\/index.php?rest_route=\/wp\/v2\/pages\/14","targetHints":{"allow":["GET"]}}],"collection":[{"href":"http:\/\/alumno09.shopenlaces.com.es\/alumno09wp\/index.php?rest_route=\/wp\/v2\/pages"}],"about":[{"href":"http:\/\/alumno09.shopenlaces.com.es\/alumno09wp\/index.php?rest_route=\/wp\/v2\/types\/page"}],"author":[{"embeddable":true,"href":"http:\/\/alumno09.shopenlaces.com.es\/alumno09wp\/index.php?rest_route=\/wp\/v2\/users\/1"}],"replies":[{"embeddable":true,"href":"http:\/\/alumno09.shopenlaces.com.es\/alumno09wp\/index.php?rest_route=%2Fwp%2Fv2%2Fcomments&post=14"}],"version-history":[{"count":7,"href":"http:\/\/alumno09.shopenlaces.com.es\/alumno09wp\/index.php?rest_route=\/wp\/v2\/pages\/14\/revisions"}],"predecessor-version":[{"id":980,"href":"http:\/\/alumno09.shopenlaces.com.es\/alumno09wp\/index.php?rest_route=\/wp\/v2\/pages\/14\/revisions\/980"}],"wp:attachment":[{"href":"http:\/\/alumno09.shopenlaces.com.es\/alumno09wp\/index.php?rest_route=%2Fwp%2Fv2%2Fmedia&parent=14"}],"curies":[{"name":"wp","href":"https:\/\/api.w.org\/{rel}","templated":true}]}}