{"id":16,"date":"2022-05-24T14:58:08","date_gmt":"2022-05-24T14:58:08","guid":{"rendered":"https:\/\/startersites.io\/blocksy\/barber-shop\/?page_id=16"},"modified":"2026-02-13T19:24:04","modified_gmt":"2026-02-13T18:24:04","slug":"news","status":"publish","type":"page","link":"http:\/\/alumno09.shopenlaces.com.es\/alumno09wp\/?page_id=16","title":{"rendered":"Noticias"},"content":{"rendered":"\n<div class=\"wp-block-stackable-heading stk-block-heading stk-block-heading--v2 stk-block stk-fb18010 stk-block-background\" id=\"strong-smash-x-john-wick-strong\" data-block-id=\"fb18010\"><style>.stk-fb18010 {background-color:var(--theme-palette-color-4, #1A1E21) !important;margin-bottom:0px !important;}.stk-fb18010:before{background-color:var(--theme-palette-color-4, #1A1E21) !important;}.stk-fb18010 .stk-block-heading__text{color:#fffffe !important;}<\/style><h2 class=\"stk-block-heading__text has-text-color\"><strong>SMASH x John Wick<\/strong><\/h2><\/div>\n\n\n\n<div class=\"wp-block-stackable-columns stk-block-columns stk-block stk-9911e16 stk-block-background\" data-block-id=\"9911e16\"><style>.stk-9911e16 {background-color:var(--theme-palette-color-4, #1A1E21) !important;}.stk-9911e16:before{background-color:var(--theme-palette-color-4, #1A1E21) !important;}<\/style><div class=\"stk-row stk-inner-blocks stk-block-content stk-content-align stk-9911e16-column\">\n<div class=\"wp-block-stackable-column stk-block-column stk-column stk-block stk-873d332\" data-v=\"4\" data-block-id=\"873d332\"><style>@media screen and (min-width:690px){.stk-873d332 {flex:var(--stk-flex-grow, 1) 1 33.3% !important;}}<\/style><div class=\"stk-column-wrapper stk-block-column__content stk-container stk-873d332-container stk--no-background stk--no-padding\"><div class=\"stk-block-content stk-inner-blocks stk-873d332-inner-blocks\">\n<div class=\"wp-block-stackable-image stk-block-image stk-block stk-6305423\" data-block-id=\"6305423\"><style>.stk-6305423 .stk-img-wrapper{width:100% !important;height:358px !important;}<\/style><figure><span class=\"stk-img-wrapper stk-image--shape-stretch\"><img loading=\"lazy\" decoding=\"async\" class=\"stk-img wp-image-963\" src=\"http:\/\/alumno09.shopenlaces.com.es\/alumno09wp\/wp-content\/uploads\/2026\/02\/smash-klug-la-smash-burger-alma-alta-cocina.jpg\" width=\"720\" height=\"480\" srcset=\"http:\/\/alumno09.shopenlaces.com.es\/alumno09wp\/wp-content\/uploads\/2026\/02\/smash-klug-la-smash-burger-alma-alta-cocina.jpg 720w, http:\/\/alumno09.shopenlaces.com.es\/alumno09wp\/wp-content\/uploads\/2026\/02\/smash-klug-la-smash-burger-alma-alta-cocina-300x200.jpg 300w\" sizes=\"auto, (max-width: 720px) 100vw, 720px\" \/><\/span><\/figure><\/div>\n\n\n\n<div class=\"wp-block-stackable-image stk-block-image stk-block stk-8c121dd\" data-block-id=\"8c121dd\"><style>.stk-8c121dd .stk-img-wrapper{width:100% !important;height:292px !important;}<\/style><figure><span class=\"stk-img-wrapper stk-image--shape-stretch\"><img loading=\"lazy\" decoding=\"async\" class=\"stk-img wp-image-964\" src=\"http:\/\/alumno09.shopenlaces.com.es\/alumno09wp\/wp-content\/uploads\/2026\/02\/fiery-gourmet-burger-charcoal.jpg\" width=\"720\" height=\"720\" srcset=\"http:\/\/alumno09.shopenlaces.com.es\/alumno09wp\/wp-content\/uploads\/2026\/02\/fiery-gourmet-burger-charcoal.jpg 720w, http:\/\/alumno09.shopenlaces.com.es\/alumno09wp\/wp-content\/uploads\/2026\/02\/fiery-gourmet-burger-charcoal-300x300.jpg 300w, http:\/\/alumno09.shopenlaces.com.es\/alumno09wp\/wp-content\/uploads\/2026\/02\/fiery-gourmet-burger-charcoal-150x150.jpg 150w\" sizes=\"auto, (max-width: 720px) 100vw, 720px\" \/><\/span><\/figure><\/div>\n<\/div><\/div><\/div>\n\n\n\n<div class=\"wp-block-stackable-column stk-block-column stk-column stk-block stk-89237c9\" data-v=\"4\" data-block-id=\"89237c9\"><style>@media screen and (min-width:690px){.stk-89237c9 {flex:var(--stk-flex-grow, 1) 1 66.7% !important;}}<\/style><div class=\"stk-column-wrapper stk-block-column__content stk-container stk-89237c9-container stk--no-background stk--no-padding\"><div class=\"stk-block-content stk-inner-blocks stk-89237c9-inner-blocks\">\n<div class=\"wp-block-stackable-text stk-block-text stk-block stk-ed7166e\" data-block-id=\"ed7166e\"><style>.stk-ed7166e {margin-bottom:6px !important;}.stk-ed7166e .stk-block-text__text{color:#fffffe !important;}<\/style><p class=\"stk-block-text__text has-text-color\">Excelente elecci\u00f3n<br>Vamos a convertir Smash x John Wick en una campa\u00f1a completa, con narrativa, men\u00fa, experiencia y estrategia de ventas lista para lanzar.<\/p><\/div>\n\n\n\n<p class=\"has-text-align-center has-palette-color-8-color has-text-color has-link-color wp-elements-353dd54a5cb9c1003d4dbc7ba49f0b72\"><strong>SMASH x John Wick<br>\u201cLa Mesa del Continental\u201d<\/strong><\/p>\n\n\n\n<p class=\"has-palette-color-8-color has-text-color has-link-color wp-elements-997c1430f33ce129b98fe153d12b72be\">En el universo de John Wick existe un lugar donde rigen reglas claras: El Continental. Tu hamburgueser\u00eda se convierte en ese punto neutral donde solo importa una cosa\u2026 el respeto por el sabor.<\/p>\n\n\n\n<p class=\"has-palette-color-8-color has-text-color has-link-color wp-elements-27a28385c8ff441878ee5b24b2619f4f\">MEN\u00da EDICI\u00d3N ESPECIAL<br>La Baba Yaga Smash<\/p>\n\n\n\n<p class=\"has-palette-color-8-color has-text-color has-link-color wp-elements-baa58f792b7d04bb801f2b19ea32f1d8\">Descripci\u00f3n: Doble carne smash prensada al fuego hasta lograr bordes crujientes.<br>Doble cheddar fundido, tocino ahumado crujiente, cebolla caramelizada y nuestra salsa secreta \u201cHigh Table\u201d (BBQ ahumada con toque picante elegante). Todo en pan brioche tostado (opci\u00f3n pan negro edici\u00f3n limitada). Modo Excommunicado: triple carne + triple queso.<\/p>\n\n\n\n<p class=\"has-palette-color-8-color has-text-color has-link-color wp-elements-f42b0aef189ac5a59f5713f1b9a5ed3c\"> Continental Fries: Papas r\u00fasticas crujientes, Queso fundido, Trozos de tocino, Salsa cremosa especial, Toque de pimienta negra reci\u00e9n molida<\/p>\n\n\n\n<p class=\"has-palette-color-8-color has-text-color has-link-color wp-elements-6816bf910eb3fa38cfac36fc442eb48d\">The Gold Coin Combo<\/p>\n\n\n\n<p class=\"has-palette-color-8-color has-text-color has-link-color wp-elements-181c28b55bb27ced641820db04cd2865\">Incluye: Baba Yaga Smash, Continental Fries, Bebida, Sticker edici\u00f3n limitada, Packaging negro con detalles dorados<\/p>\n<\/div><\/div><\/div>\n<\/div><\/div>\n","protected":false},"excerpt":{"rendered":"<p>SMASH x John Wick Excelente elecci\u00f3nVamos a convertir Smash x John Wick en una campa\u00f1a completa, con narrativa, men\u00fa, experiencia y estrategia de ventas lista para lanzar. SMASH x John Wick\u201cLa Mesa del Continental\u201d En el universo de John Wick existe un lugar donde rigen reglas claras: El Continental. Tu hamburgueser\u00eda se convierte en ese [&hellip;]<\/p>\n","protected":false},"author":1,"featured_media":0,"parent":0,"menu_order":0,"comment_status":"closed","ping_status":"closed","template":"","meta":{"footnotes":""},"class_list":["post-16","page","type-page","status-publish","hentry"],"blocksy_meta":[],"_links":{"self":[{"href":"http:\/\/alumno09.shopenlaces.com.es\/alumno09wp\/index.php?rest_route=\/wp\/v2\/pages\/16","targetHints":{"allow":["GET"]}}],"collection":[{"href":"http:\/\/alumno09.shopenlaces.com.es\/alumno09wp\/index.php?rest_route=\/wp\/v2\/pages"}],"about":[{"href":"http:\/\/alumno09.shopenlaces.com.es\/alumno09wp\/index.php?rest_route=\/wp\/v2\/types\/page"}],"author":[{"embeddable":true,"href":"http:\/\/alumno09.shopenlaces.com.es\/alumno09wp\/index.php?rest_route=\/wp\/v2\/users\/1"}],"replies":[{"embeddable":true,"href":"http:\/\/alumno09.shopenlaces.com.es\/alumno09wp\/index.php?rest_route=%2Fwp%2Fv2%2Fcomments&post=16"}],"version-history":[{"count":8,"href":"http:\/\/alumno09.shopenlaces.com.es\/alumno09wp\/index.php?rest_route=\/wp\/v2\/pages\/16\/revisions"}],"predecessor-version":[{"id":970,"href":"http:\/\/alumno09.shopenlaces.com.es\/alumno09wp\/index.php?rest_route=\/wp\/v2\/pages\/16\/revisions\/970"}],"wp:attachment":[{"href":"http:\/\/alumno09.shopenlaces.com.es\/alumno09wp\/index.php?rest_route=%2Fwp%2Fv2%2Fmedia&parent=16"}],"curies":[{"name":"wp","href":"https:\/\/api.w.org\/{rel}","templated":true}]}}