{"id":831,"date":"2026-02-03T19:51:40","date_gmt":"2026-02-03T18:51:40","guid":{"rendered":"http:\/\/alumno09.shopenlaces.com.es\/alumno09wp\/?page_id=831"},"modified":"2026-02-03T23:54:18","modified_gmt":"2026-02-03T22:54:18","slug":"patatas-deluxe","status":"publish","type":"page","link":"http:\/\/alumno09.shopenlaces.com.es\/alumno09wp\/?page_id=831","title":{"rendered":"Patatas Deluxe"},"content":{"rendered":"\n<div class=\"wp-block-stackable-columns stk-block-columns stk-block stk-0521d6d stk-block-background\" data-block-id=\"0521d6d\"><style>.stk-0521d6d {background-color:var(--theme-palette-color-4, #1A1E21) !important;}.stk-0521d6d:before{background-color:var(--theme-palette-color-4, #1A1E21) !important;}<\/style><div class=\"stk-row stk-inner-blocks stk-block-content stk-content-align stk-0521d6d-column\">\n<div class=\"wp-block-stackable-column stk-block-column stk-column stk-block stk-e10a3fe\" data-v=\"4\" data-block-id=\"e10a3fe\"><div class=\"stk-column-wrapper stk-block-column__content stk-container stk-e10a3fe-container stk--no-background stk--no-padding\"><div class=\"stk-block-content stk-inner-blocks stk-e10a3fe-inner-blocks\">\n<div class=\"wp-block-stackable-image stk-block-image stk-block stk-8a15a6b\" data-block-id=\"8a15a6b\"><style>.stk-8a15a6b .stk-img-wrapper{width:100% !important;height:550px !important;}<\/style><figure><span class=\"stk-img-wrapper stk-image--shape-stretch\"><img loading=\"lazy\" decoding=\"async\" class=\"stk-img wp-image-883\" src=\"http:\/\/alumno09.shopenlaces.com.es\/alumno09wp\/wp-content\/uploads\/2026\/02\/patatas-deluxe.jpeg\" width=\"1000\" height=\"750\" srcset=\"http:\/\/alumno09.shopenlaces.com.es\/alumno09wp\/wp-content\/uploads\/2026\/02\/patatas-deluxe.jpeg 1000w, http:\/\/alumno09.shopenlaces.com.es\/alumno09wp\/wp-content\/uploads\/2026\/02\/patatas-deluxe-300x225.jpeg 300w, http:\/\/alumno09.shopenlaces.com.es\/alumno09wp\/wp-content\/uploads\/2026\/02\/patatas-deluxe-768x576.jpeg 768w\" sizes=\"auto, (max-width: 1000px) 100vw, 1000px\" \/><\/span><\/figure><\/div>\n<\/div><\/div><\/div>\n\n\n\n<div class=\"wp-block-stackable-column stk-block-column stk-column stk-block stk-915ce65\" data-v=\"4\" data-block-id=\"915ce65\"><div class=\"stk-column-wrapper stk-block-column__content stk-container stk-915ce65-container stk--no-background stk--no-padding\"><div class=\"stk-block-content stk-inner-blocks stk-915ce65-inner-blocks\">\n<p><\/p>\n\n\n\n<p><\/p>\n\n\n\n<div class=\"wp-block-stackable-text stk-block-text stk-block stk-f375d1e\" data-block-id=\"f375d1e\"><style>.stk-f375d1e .stk-block-text__text{color:#fffffe !important;}<\/style><p class=\"stk-block-text__text has-text-color\">Las Patatas Deluxe (tambi\u00e9n conocidas como patatas gajo) son patatas cortadas en trozos gruesos, generalmente con piel, y sazonadas con una mezcla especial de especias. Se caracterizan por su interior tierno y su exterior dorado y crujiente.<\/p><\/div>\n\n\n\n<p class=\"has-palette-color-8-color has-text-color has-link-color wp-elements-dd428bb676c009fda3f95613702e1436\">Muy populares en la cocina casual y en men\u00fas tipo grill o fast casual, las patatas deluxe destacan por su aspecto r\u00fastico y su sabor intenso. Son una opci\u00f3n ideal para quienes buscan un acompa\u00f1amiento m\u00e1s contundente y sabroso.<\/p>\n\n\n\n<p class=\"has-palette-color-8-color has-text-color has-link-color wp-elements-202dd5ae92a59155a48dbe94327dbac6\">Las patatas deluxe ofrecen un sabor especiado y equilibrado, con una textura que combina crujiente exterior y cremosidad interior. Funcionan especialmente bien con salsas como barbacoa, alioli o salsa de queso. Muy vers\u00e1tiles.<\/p>\n<\/div><\/div><\/div>\n<\/div><\/div>\n\n\n\n<div class=\"wp-block-stackable-divider stk-block-divider stk-block stk-9465d5a\" data-block-id=\"9465d5a\"><style>.stk-9465d5a hr.stk-block-divider__hr{background:var(--theme-palette-color-4, #1A1E21) !important;}<\/style><hr class=\"stk-block-divider__hr\"\/><\/div>\n\n\n\n<p class=\"has-palette-color-8-color has-palette-color-4-background-color has-text-color has-background has-link-color wp-elements-c51d92d8a0d315ff23f475a0363d17ab\">Ingredientes principales: Patatas seleccionadas con piel, Aceite vegetal para horneado o fritura, Mezcla de especias (piment\u00f3n, ajo, cebolla, hierbas y sal).<\/p>\n\n\n\n<p><\/p>\n","protected":false},"excerpt":{"rendered":"<p>Las Patatas Deluxe (tambi\u00e9n conocidas como patatas gajo) son patatas cortadas en trozos gruesos, generalmente con piel, y sazonadas con una mezcla especial de especias. Se caracterizan por su interior tierno y su exterior dorado y crujiente. Muy populares en la cocina casual y en men\u00fas tipo grill o fast casual, las patatas deluxe destacan [&hellip;]<\/p>\n","protected":false},"author":1,"featured_media":0,"parent":0,"menu_order":0,"comment_status":"closed","ping_status":"closed","template":"","meta":{"footnotes":""},"class_list":["post-831","page","type-page","status-publish","hentry"],"blocksy_meta":[],"_links":{"self":[{"href":"http:\/\/alumno09.shopenlaces.com.es\/alumno09wp\/index.php?rest_route=\/wp\/v2\/pages\/831","targetHints":{"allow":["GET"]}}],"collection":[{"href":"http:\/\/alumno09.shopenlaces.com.es\/alumno09wp\/index.php?rest_route=\/wp\/v2\/pages"}],"about":[{"href":"http:\/\/alumno09.shopenlaces.com.es\/alumno09wp\/index.php?rest_route=\/wp\/v2\/types\/page"}],"author":[{"embeddable":true,"href":"http:\/\/alumno09.shopenlaces.com.es\/alumno09wp\/index.php?rest_route=\/wp\/v2\/users\/1"}],"replies":[{"embeddable":true,"href":"http:\/\/alumno09.shopenlaces.com.es\/alumno09wp\/index.php?rest_route=%2Fwp%2Fv2%2Fcomments&post=831"}],"version-history":[{"count":5,"href":"http:\/\/alumno09.shopenlaces.com.es\/alumno09wp\/index.php?rest_route=\/wp\/v2\/pages\/831\/revisions"}],"predecessor-version":[{"id":886,"href":"http:\/\/alumno09.shopenlaces.com.es\/alumno09wp\/index.php?rest_route=\/wp\/v2\/pages\/831\/revisions\/886"}],"wp:attachment":[{"href":"http:\/\/alumno09.shopenlaces.com.es\/alumno09wp\/index.php?rest_route=%2Fwp%2Fv2%2Fmedia&parent=831"}],"curies":[{"name":"wp","href":"https:\/\/api.w.org\/{rel}","templated":true}]}}