{"id":835,"date":"2026-02-03T19:52:48","date_gmt":"2026-02-03T18:52:48","guid":{"rendered":"http:\/\/alumno09.shopenlaces.com.es\/alumno09wp\/?page_id=835"},"modified":"2026-02-03T23:43:25","modified_gmt":"2026-02-03T22:43:25","slug":"patatas-waffle","status":"publish","type":"page","link":"http:\/\/alumno09.shopenlaces.com.es\/alumno09wp\/?page_id=835","title":{"rendered":"Patatas Waffle"},"content":{"rendered":"\n<div class=\"wp-block-stackable-columns stk-block-columns stk-block stk-8c68afa stk-block-background\" data-block-id=\"8c68afa\"><style>.stk-8c68afa {background-color:var(--theme-palette-color-4, #1A1E21) !important;}.stk-8c68afa:before{background-color:var(--theme-palette-color-4, #1A1E21) !important;}<\/style><div class=\"stk-row stk-inner-blocks stk-block-content stk-content-align stk-8c68afa-column\">\n<div class=\"wp-block-stackable-column stk-block-column stk-column stk-block stk-4abb4ed\" data-v=\"4\" data-block-id=\"4abb4ed\"><div class=\"stk-column-wrapper stk-block-column__content stk-container stk-4abb4ed-container stk--no-background stk--no-padding\"><div class=\"stk-block-content stk-inner-blocks stk-4abb4ed-inner-blocks\">\n<p><\/p>\n\n\n\n<p><\/p>\n\n\n\n<div class=\"wp-block-stackable-text stk-block-text stk-block stk-05d864f\" data-block-id=\"05d864f\"><style>.stk-05d864f .stk-block-text__text{color:#fffffe !important;}<\/style><p class=\"stk-block-text__text has-text-color\">Las Patatas Waffle (o patatas rejilla) son patatas cortadas en forma de malla, lo que les da una textura \u00fanica: crujientes por fuera y tiernas por dentro. Su dise\u00f1o caracter\u00edstico las convierte en un acompa\u00f1amiento muy atractivo y sabroso.<\/p><\/div>\n\n\n\n<p class=\"has-palette-color-8-color has-text-color has-link-color wp-elements-313a6f6c8c18fb17cc95ad789d90d640\">Muy populares en la cocina casual y en la comida r\u00e1pida moderna, las patatas waffle se han ganado un lugar especial en men\u00fas internacionales gracias a su forma distintiva y su excelente capacidad para retener salsas.<\/p>\n\n\n\n<p class=\"has-palette-color-8-color has-text-color has-link-color wp-elements-77f2ce9e355376751cb74d62f9aafb72\">Gracias a su forma de rejilla, las patatas waffle ofrecen un crujiente uniforme y un interior suave. Son ideales para acompa\u00f1ar con salsas, ya que su estructura permite recoger m\u00e1s sabor en cada bocado, Perfectas para compartir.<\/p>\n<\/div><\/div><\/div>\n\n\n\n<div class=\"wp-block-stackable-column stk-block-column stk-column stk-block stk-ee3794b\" data-v=\"4\" data-block-id=\"ee3794b\"><div class=\"stk-column-wrapper stk-block-column__content stk-container stk-ee3794b-container stk--no-background stk--no-padding\"><div class=\"stk-block-content stk-inner-blocks stk-ee3794b-inner-blocks\">\n<div class=\"wp-block-stackable-image stk-block-image stk-block stk-143b6f2\" data-block-id=\"143b6f2\"><style>.stk-143b6f2 .stk-img-wrapper{width:100% !important;height:543px !important;}<\/style><figure><span class=\"stk-img-wrapper stk-image--shape-stretch\"><img loading=\"lazy\" decoding=\"async\" class=\"stk-img wp-image-877\" src=\"http:\/\/alumno09.shopenlaces.com.es\/alumno09wp\/wp-content\/uploads\/2026\/02\/cq5dam.web_.1280.1280.jpeg\" width=\"1370\" height=\"918\" srcset=\"http:\/\/alumno09.shopenlaces.com.es\/alumno09wp\/wp-content\/uploads\/2026\/02\/cq5dam.web_.1280.1280.jpeg 1370w, http:\/\/alumno09.shopenlaces.com.es\/alumno09wp\/wp-content\/uploads\/2026\/02\/cq5dam.web_.1280.1280-300x201.jpeg 300w, http:\/\/alumno09.shopenlaces.com.es\/alumno09wp\/wp-content\/uploads\/2026\/02\/cq5dam.web_.1280.1280-1024x686.jpeg 1024w, http:\/\/alumno09.shopenlaces.com.es\/alumno09wp\/wp-content\/uploads\/2026\/02\/cq5dam.web_.1280.1280-768x515.jpeg 768w\" sizes=\"auto, (max-width: 1370px) 100vw, 1370px\" \/><\/span><\/figure><\/div>\n<\/div><\/div><\/div>\n<\/div><\/div>\n\n\n\n<div class=\"wp-block-stackable-divider stk-block-divider stk-block stk-9014c9c\" data-block-id=\"9014c9c\"><style>.stk-9014c9c {border-color:var(--theme-palette-color-4, #1A1E21) !important;}<\/style><hr class=\"stk-block-divider__hr\"\/><\/div>\n\n\n\n<div class=\"wp-block-stackable-text stk-block-text stk-block stk-1b8c60f stk-block-background\" data-block-id=\"1b8c60f\"><style>.stk-1b8c60f {background-color:var(--theme-palette-color-4, #1A1E21) !important;border-color:var(--theme-palette-color-4, #1A1E21) !important;}.stk-1b8c60f:before{background-color:var(--theme-palette-color-4, #1A1E21) !important;}.stk-1b8c60f .stk-block-text__text{color:#fffffe !important;}<\/style><p class=\"stk-block-text__text has-text-color\">Ingredientes principales: Patatas seleccionadas, Aceite vegetal para fritura, Sal y especias (seg\u00fan preparaci\u00f3n)<\/p><\/div>\n\n\n\n<p class=\"has-palette-color-8-color has-text-color has-link-color wp-elements-470f5694afe024e470f0e8429a98b7a2\"><\/p>\n","protected":false},"excerpt":{"rendered":"<p>Las Patatas Waffle (o patatas rejilla) son patatas cortadas en forma de malla, lo que les da una textura \u00fanica: crujientes por fuera y tiernas por dentro. Su dise\u00f1o caracter\u00edstico las convierte en un acompa\u00f1amiento muy atractivo y sabroso. Muy populares en la cocina casual y en la comida r\u00e1pida moderna, las patatas waffle se [&hellip;]<\/p>\n","protected":false},"author":1,"featured_media":0,"parent":0,"menu_order":0,"comment_status":"closed","ping_status":"closed","template":"","meta":{"footnotes":""},"class_list":["post-835","page","type-page","status-publish","hentry"],"blocksy_meta":[],"_links":{"self":[{"href":"http:\/\/alumno09.shopenlaces.com.es\/alumno09wp\/index.php?rest_route=\/wp\/v2\/pages\/835","targetHints":{"allow":["GET"]}}],"collection":[{"href":"http:\/\/alumno09.shopenlaces.com.es\/alumno09wp\/index.php?rest_route=\/wp\/v2\/pages"}],"about":[{"href":"http:\/\/alumno09.shopenlaces.com.es\/alumno09wp\/index.php?rest_route=\/wp\/v2\/types\/page"}],"author":[{"embeddable":true,"href":"http:\/\/alumno09.shopenlaces.com.es\/alumno09wp\/index.php?rest_route=\/wp\/v2\/users\/1"}],"replies":[{"embeddable":true,"href":"http:\/\/alumno09.shopenlaces.com.es\/alumno09wp\/index.php?rest_route=%2Fwp%2Fv2%2Fcomments&post=835"}],"version-history":[{"count":5,"href":"http:\/\/alumno09.shopenlaces.com.es\/alumno09wp\/index.php?rest_route=\/wp\/v2\/pages\/835\/revisions"}],"predecessor-version":[{"id":881,"href":"http:\/\/alumno09.shopenlaces.com.es\/alumno09wp\/index.php?rest_route=\/wp\/v2\/pages\/835\/revisions\/881"}],"wp:attachment":[{"href":"http:\/\/alumno09.shopenlaces.com.es\/alumno09wp\/index.php?rest_route=%2Fwp%2Fv2%2Fmedia&parent=835"}],"curies":[{"name":"wp","href":"https:\/\/api.w.org\/{rel}","templated":true}]}}