{"id":838,"date":"2026-02-03T19:53:58","date_gmt":"2026-02-03T18:53:58","guid":{"rendered":"http:\/\/alumno09.shopenlaces.com.es\/alumno09wp\/?page_id=838"},"modified":"2026-02-03T23:33:34","modified_gmt":"2026-02-03T22:33:34","slug":"patatas-curly","status":"publish","type":"page","link":"http:\/\/alumno09.shopenlaces.com.es\/alumno09wp\/?page_id=838","title":{"rendered":"Patatas Curly"},"content":{"rendered":"\n<div class=\"wp-block-stackable-columns stk-block-columns stk-block stk-6cf2a7a stk-block-background\" data-block-id=\"6cf2a7a\"><style>.stk-6cf2a7a {background-color:var(--theme-palette-color-4, #1A1E21) !important;}.stk-6cf2a7a:before{background-color:var(--theme-palette-color-4, #1A1E21) !important;}<\/style><div class=\"stk-row stk-inner-blocks stk-block-content stk-content-align stk-6cf2a7a-column\">\n<div class=\"wp-block-stackable-column stk-block-column stk-column stk-block stk-9ef84fe\" data-v=\"4\" data-block-id=\"9ef84fe\"><div class=\"stk-column-wrapper stk-block-column__content stk-container stk-9ef84fe-container stk--no-background stk--no-padding\"><div class=\"stk-block-content stk-inner-blocks stk-9ef84fe-inner-blocks\">\n<div class=\"wp-block-stackable-image stk-block-image stk-block stk-e9072e3\" data-block-id=\"e9072e3\"><style>.stk-e9072e3 .stk-img-wrapper{width:100% !important;height:511px !important;}<\/style><figure><span class=\"stk-img-wrapper stk-image--shape-stretch\"><img loading=\"lazy\" decoding=\"async\" class=\"stk-img wp-image-799\" src=\"http:\/\/alumno09.shopenlaces.com.es\/alumno09wp\/wp-content\/uploads\/2026\/01\/istockphoto-483530333-612x612-1.jpg\" width=\"612\" height=\"408\" srcset=\"http:\/\/alumno09.shopenlaces.com.es\/alumno09wp\/wp-content\/uploads\/2026\/01\/istockphoto-483530333-612x612-1.jpg 612w, http:\/\/alumno09.shopenlaces.com.es\/alumno09wp\/wp-content\/uploads\/2026\/01\/istockphoto-483530333-612x612-1-300x200.jpg 300w\" sizes=\"auto, (max-width: 612px) 100vw, 612px\" \/><\/span><\/figure><\/div>\n<\/div><\/div><\/div>\n\n\n\n<div class=\"wp-block-stackable-column stk-block-column stk-column stk-block stk-61c7f15\" data-v=\"4\" data-block-id=\"61c7f15\"><div class=\"stk-column-wrapper stk-block-column__content stk-container stk-61c7f15-container stk--no-background stk--no-padding\"><div class=\"stk-block-content stk-inner-blocks stk-61c7f15-inner-blocks\">\n<p><\/p>\n\n\n\n<p><\/p>\n\n\n\n<div class=\"wp-block-stackable-text stk-block-text stk-block stk-b7a7d8c\" data-block-id=\"b7a7d8c\"><style>.stk-b7a7d8c .stk-block-text__text{color:#fffffe !important;}<\/style><p class=\"stk-block-text__text has-text-color\">Las Patatas Curly (tambi\u00e9n conocidas como patatas rizadas) son un tipo de patata cortada en forma de espiral y frita hasta quedar crujiente por fuera y tierna por dentro. Son muy populares como acompa\u00f1amiento o snack, especialmente en propuestas casuales y street food.<\/p><\/div>\n\n\n\n<p class=\"has-palette-color-8-color has-text-color has-link-color wp-elements-2367e4141709ccc8f0710109417afebc\">Aunque su origen es moderno y est\u00e1 ligado a la comida r\u00e1pida, las patatas curly se han convertido en un cl\u00e1sico internacional. Su forma distintiva y su textura crujiente las hacen muy reconocibles y atractivas para todo tipo de p\u00fablico.<\/p>\n\n\n\n<p class=\"has-palette-color-8-color has-text-color has-link-color wp-elements-363a777e0011b3b5978d88ec1c095c23\">Las patatas curly destacan por su sabor intenso y especiado y su textura extra crujiente. Gracias a su forma en espiral, retienen mejor los condimentos y las salsas, ofreciendo una experiencia m\u00e1s sabrosa en cada bocado. Son atractivas visualmente y perfectas para compartir.<\/p>\n<\/div><\/div><\/div>\n<\/div><\/div>\n\n\n\n<div class=\"wp-block-stackable-divider stk-block-divider stk-block stk-ad745f6\" data-block-id=\"ad745f6\"><style>.stk-ad745f6 hr.stk-block-divider__hr{background:var(--theme-palette-color-4, #1A1E21) !important;}<\/style><hr class=\"stk-block-divider__hr\"\/><\/div>\n\n\n\n<div class=\"wp-block-stackable-text stk-block-text stk-block stk-cceb347 stk-block-background\" data-block-id=\"cceb347\"><style>.stk-cceb347 {background-color:var(--theme-palette-color-4, #1A1E21) !important;}.stk-cceb347:before{background-color:var(--theme-palette-color-4, #1A1E21) !important;}.stk-cceb347 .stk-block-text__text{color:#fffffe !important;}<\/style><p class=\"stk-block-text__text has-text-color\">Ingredientes principales: Patatas seleccionadas, Aceite vegetal para fritura, Mezcla de especias (piment\u00f3n, ajo, cebolla, sal, pimienta, seg\u00fan la receta)<\/p><\/div>\n\n\n\n<p><\/p>\n","protected":false},"excerpt":{"rendered":"<p>Las Patatas Curly (tambi\u00e9n conocidas como patatas rizadas) son un tipo de patata cortada en forma de espiral y frita hasta quedar crujiente por fuera y tierna por dentro. Son muy populares como acompa\u00f1amiento o snack, especialmente en propuestas casuales y street food. Aunque su origen es moderno y est\u00e1 ligado a la comida r\u00e1pida, [&hellip;]<\/p>\n","protected":false},"author":1,"featured_media":0,"parent":0,"menu_order":0,"comment_status":"closed","ping_status":"closed","template":"","meta":{"footnotes":""},"class_list":["post-838","page","type-page","status-publish","hentry"],"blocksy_meta":[],"_links":{"self":[{"href":"http:\/\/alumno09.shopenlaces.com.es\/alumno09wp\/index.php?rest_route=\/wp\/v2\/pages\/838","targetHints":{"allow":["GET"]}}],"collection":[{"href":"http:\/\/alumno09.shopenlaces.com.es\/alumno09wp\/index.php?rest_route=\/wp\/v2\/pages"}],"about":[{"href":"http:\/\/alumno09.shopenlaces.com.es\/alumno09wp\/index.php?rest_route=\/wp\/v2\/types\/page"}],"author":[{"embeddable":true,"href":"http:\/\/alumno09.shopenlaces.com.es\/alumno09wp\/index.php?rest_route=\/wp\/v2\/users\/1"}],"replies":[{"embeddable":true,"href":"http:\/\/alumno09.shopenlaces.com.es\/alumno09wp\/index.php?rest_route=%2Fwp%2Fv2%2Fcomments&post=838"}],"version-history":[{"count":5,"href":"http:\/\/alumno09.shopenlaces.com.es\/alumno09wp\/index.php?rest_route=\/wp\/v2\/pages\/838\/revisions"}],"predecessor-version":[{"id":876,"href":"http:\/\/alumno09.shopenlaces.com.es\/alumno09wp\/index.php?rest_route=\/wp\/v2\/pages\/838\/revisions\/876"}],"wp:attachment":[{"href":"http:\/\/alumno09.shopenlaces.com.es\/alumno09wp\/index.php?rest_route=%2Fwp%2Fv2%2Fmedia&parent=838"}],"curies":[{"name":"wp","href":"https:\/\/api.w.org\/{rel}","templated":true}]}}