{"id":846,"date":"2026-02-03T19:57:20","date_gmt":"2026-02-03T18:57:20","guid":{"rendered":"http:\/\/alumno09.shopenlaces.com.es\/alumno09wp\/?page_id=846"},"modified":"2026-02-03T23:05:06","modified_gmt":"2026-02-03T22:05:06","slug":"lamugin","status":"publish","type":"page","link":"http:\/\/alumno09.shopenlaces.com.es\/alumno09wp\/?page_id=846","title":{"rendered":"Lamugin"},"content":{"rendered":"\n<div class=\"wp-block-stackable-columns stk-block-columns stk-block stk-0fff2fe\" data-block-id=\"0fff2fe\"><div class=\"stk-row stk-inner-blocks stk-block-content stk-content-align stk-0fff2fe-column\">\n<div class=\"wp-block-stackable-column stk-block-column stk-column stk-block stk-0ba5e93\" data-v=\"4\" data-block-id=\"0ba5e93\"><div class=\"stk-column-wrapper stk-block-column__content stk-container stk-0ba5e93-container stk--no-background stk--no-padding\"><div class=\"stk-block-content stk-inner-blocks stk-0ba5e93-inner-blocks\">\n<div class=\"wp-block-stackable-image stk-block-image stk-block stk-d470569 stk-block-background\" data-block-id=\"d470569\"><style>.stk-d470569 {background-color:#1a1e21 !important;}.stk-d470569:before{background-color:#1a1e21 !important;}.stk-d470569 .stk-img-wrapper{width:800px !important;}<\/style><figure><span class=\"stk-img-wrapper stk-image--shape-stretch\"><img loading=\"lazy\" decoding=\"async\" class=\"stk-img wp-image-856\" src=\"http:\/\/alumno09.shopenlaces.com.es\/alumno09wp\/wp-content\/uploads\/2026\/02\/322202484137-osjvn0y442-millet-drink.webp\" width=\"800\" height=\"450\" srcset=\"http:\/\/alumno09.shopenlaces.com.es\/alumno09wp\/wp-content\/uploads\/2026\/02\/322202484137-osjvn0y442-millet-drink.webp 800w, http:\/\/alumno09.shopenlaces.com.es\/alumno09wp\/wp-content\/uploads\/2026\/02\/322202484137-osjvn0y442-millet-drink-300x169.webp 300w, http:\/\/alumno09.shopenlaces.com.es\/alumno09wp\/wp-content\/uploads\/2026\/02\/322202484137-osjvn0y442-millet-drink-768x432.webp 768w\" sizes=\"auto, (max-width: 800px) 100vw, 800px\" \/><\/span><\/figure><\/div>\n\n\n\n<div class=\"wp-block-stackable-divider stk-block-divider stk-block stk-f6907d1\" data-block-id=\"f6907d1\"><style>.stk-f6907d1 hr.stk-block-divider__hr{background:#1a1e21 !important;}<\/style><hr class=\"stk-block-divider__hr\"\/><\/div>\n<\/div><\/div><\/div>\n<\/div><\/div>\n\n\n\n<div class=\"wp-block-stackable-text stk-block-text stk-block stk-b030828 stk-block-background\" data-block-id=\"b030828\"><style>.stk-b030828 {background-color:#1a1e21 !important;}.stk-b030828:before{background-color:#1a1e21 !important;}.stk-b030828 .stk-block-text__text{color:#fffffe !important;}<\/style><p class=\"stk-block-text__text has-text-color\">El Lamugin es una bebida tradicional del norte de Ghana, elaborada principalmente a base de mijo fermentado. Es una bebida refrescante, nutritiva y muy apreciada por su sabor suave y ligeramente \u00e1cido. Tambi\u00e9n forma parte importante de la cultura del norte de Ghana y se consume tanto en la vida diaria como en eventos comunitarios. Gracias a su capacidad para refrescar y aportar energ\u00eda, es especialmente popular en climas c\u00e1lidos y durante jornadas largas de trabajo. Es una alternativa natural a bebidas industriales<\/p><\/div>\n\n\n\n<p class=\"has-palette-color-8-color has-palette-color-4-background-color has-text-color has-background has-link-color wp-elements-a312d0870fe2d70798e758483e6e1eea\">Tiene un sabor suave, ligeramente \u00e1cido y especiado, con una textura m\u00e1s ligera que otras bebidas fermentadas. Se sirve fr\u00edo y es conocido por ser refrescante y saciante al mismo tiempo. Tiene beneficios tradicional, el lamugin es valorado por: Ser una fuente natural de energ\u00eda, Contener probi\u00f3ticos por su proceso de fermentaci\u00f3n, Aportar minerales y fibra provenientes del mijo.                                                                                                                                                  Ingredientes principales: Mijo fermentado, Agua, Jengibre (ingrediente clave que le da car\u00e1cter), Endulzantes naturales al gusto (az\u00facar o miel)<\/p>\n\n\n\n<p><\/p>\n","protected":false},"excerpt":{"rendered":"<p>El Lamugin es una bebida tradicional del norte de Ghana, elaborada principalmente a base de mijo fermentado. Es una bebida refrescante, nutritiva y muy apreciada por su sabor suave y ligeramente \u00e1cido. Tambi\u00e9n forma parte importante de la cultura del norte de Ghana y se consume tanto en la vida diaria como en eventos comunitarios. [&hellip;]<\/p>\n","protected":false},"author":1,"featured_media":0,"parent":0,"menu_order":0,"comment_status":"closed","ping_status":"closed","template":"","meta":{"footnotes":""},"class_list":["post-846","page","type-page","status-publish","hentry"],"blocksy_meta":[],"_links":{"self":[{"href":"http:\/\/alumno09.shopenlaces.com.es\/alumno09wp\/index.php?rest_route=\/wp\/v2\/pages\/846","targetHints":{"allow":["GET"]}}],"collection":[{"href":"http:\/\/alumno09.shopenlaces.com.es\/alumno09wp\/index.php?rest_route=\/wp\/v2\/pages"}],"about":[{"href":"http:\/\/alumno09.shopenlaces.com.es\/alumno09wp\/index.php?rest_route=\/wp\/v2\/types\/page"}],"author":[{"embeddable":true,"href":"http:\/\/alumno09.shopenlaces.com.es\/alumno09wp\/index.php?rest_route=\/wp\/v2\/users\/1"}],"replies":[{"embeddable":true,"href":"http:\/\/alumno09.shopenlaces.com.es\/alumno09wp\/index.php?rest_route=%2Fwp%2Fv2%2Fcomments&post=846"}],"version-history":[{"count":7,"href":"http:\/\/alumno09.shopenlaces.com.es\/alumno09wp\/index.php?rest_route=\/wp\/v2\/pages\/846\/revisions"}],"predecessor-version":[{"id":863,"href":"http:\/\/alumno09.shopenlaces.com.es\/alumno09wp\/index.php?rest_route=\/wp\/v2\/pages\/846\/revisions\/863"}],"wp:attachment":[{"href":"http:\/\/alumno09.shopenlaces.com.es\/alumno09wp\/index.php?rest_route=%2Fwp%2Fv2%2Fmedia&parent=846"}],"curies":[{"name":"wp","href":"https:\/\/api.w.org\/{rel}","templated":true}]}}