{"id":982,"date":"2026-02-16T16:35:41","date_gmt":"2026-02-16T15:35:41","guid":{"rendered":"http:\/\/alumno09.shopenlaces.com.es\/alumno09wp\/?page_id=982"},"modified":"2026-02-16T17:00:32","modified_gmt":"2026-02-16T16:00:32","slug":"accion-social","status":"publish","type":"page","link":"http:\/\/alumno09.shopenlaces.com.es\/alumno09wp\/?page_id=982","title":{"rendered":"Acci\u00f3n social"},"content":{"rendered":"\n<div class=\"wp-block-stackable-heading stk-block-heading stk-block-heading--v2 stk-block stk-0773c1b\" id=\"strong-smash-que-alimenta-strong\" data-block-id=\"0773c1b\"><h2 class=\"stk-block-heading__text\"><strong>Smash que Alimenta<\/strong><\/h2><\/div>\n\n\n\n<div class=\"wp-block-stackable-image stk-block-image stk-block stk-3f8c2ec\" data-block-id=\"3f8c2ec\"><style>.stk-3f8c2ec .stk-img-wrapper{width:100% !important;height:386px !important;}<\/style><figure><span class=\"stk-img-wrapper stk-image--shape-stretch\"><img loading=\"lazy\" decoding=\"async\" class=\"stk-img wp-image-989\" src=\"http:\/\/alumno09.shopenlaces.com.es\/alumno09wp\/wp-content\/uploads\/2026\/02\/Carrots-in-Sort.jpg\" width=\"960\" height=\"445\" srcset=\"http:\/\/alumno09.shopenlaces.com.es\/alumno09wp\/wp-content\/uploads\/2026\/02\/Carrots-in-Sort.jpg 960w, http:\/\/alumno09.shopenlaces.com.es\/alumno09wp\/wp-content\/uploads\/2026\/02\/Carrots-in-Sort-300x139.jpg 300w, http:\/\/alumno09.shopenlaces.com.es\/alumno09wp\/wp-content\/uploads\/2026\/02\/Carrots-in-Sort-768x356.jpg 768w\" sizes=\"auto, (max-width: 960px) 100vw, 960px\" \/><\/span><\/figure><\/div>\n\n\n\n<div class=\"wp-block-stackable-columns stk-block-columns stk-block stk-581f9f0\" data-block-id=\"581f9f0\"><style>.stk-581f9f0 {margin-bottom:0px !important;}<\/style><div class=\"stk-row stk-inner-blocks stk-block-content stk-content-align stk-581f9f0-column\">\n<div class=\"wp-block-stackable-column stk-block-column stk-column stk-block stk-59647a6\" data-v=\"4\" data-block-id=\"59647a6\"><div class=\"stk-column-wrapper stk-block-column__content stk-container stk-59647a6-container stk--no-background stk--no-padding\"><div class=\"stk-block-content stk-inner-blocks stk-59647a6-inner-blocks\">\n<div class=\"wp-block-stackable-text stk-block-text stk-block stk-97d3643 stk-block-background\" data-block-id=\"97d3643\"><style>.stk-97d3643 {background-color:var(--theme-palette-color-4, #1A1E21) !important;margin-bottom:0px !important;}.stk-97d3643:before{background-color:var(--theme-palette-color-4, #1A1E21) !important;}.stk-97d3643 .stk-block-text__text{color:#fffffe !important;}<\/style><p class=\"stk-block-text__text has-text-color\">\u201cSmash que Alimenta\u201d es una campa\u00f1a solidaria en la que tu hamburgueser\u00eda se une al Banco de Alimentos para combatir el hambre en la comunidad. La idea es simple pero poderosa:<br>Por cada hamburguesa vendida, una parte se transforma en alimento para quien m\u00e1s lo necesita. No es una promoci\u00f3n. Es un compromiso.<\/p><\/div>\n\n\n\n<p class=\"has-palette-color-8-color has-palette-color-4-background-color has-text-color has-background has-link-color wp-elements-f6b5050cc511dce6ff603ebb8e7f19fa\">Como lo llevaremos a cabo, durante un periodo definido por cada hamburguesa Smash vendida, se dona un porcentaje fijo al Banco de Alimentos.Tambi\u00e9n puedes activar un \u201cCombo Solidario\u201d, donde el cliente puede agregar una peque\u00f1a donaci\u00f3n voluntaria. Aparte de eso mi empresa hacer una entrega oficial de alimentos y aveces aportaci\u00f3n econ\u00f3mico al finalizar la campa\u00f1a. Esto permite transparencia y credibilidad.                                                  El objetivo es contribuir activamente a reducir la inseguridad alimentaria en tu ciudad y convertir cada compra en un acto de impacto social.<\/p>\n<\/div><\/div><\/div>\n<\/div><\/div>\n\n\n\n<p class=\"has-palette-color-8-color has-palette-color-4-background-color has-text-color has-background has-link-color wp-elements-72dbf1d8cd5f72faae73cb40a091a31b\">En Smash creemos que una hamburguesa puede hacer m\u00e1s que satisfacer el hambre. Puede generar impacto. Por eso creamos \u201cSmash que Alimenta\u201d, una iniciativa en alianza con el Banco de Alimentos, donde cada compra se convierte en apoyo para familias que lo necesitan. Porque creemos que el verdadero sabor tambi\u00e9n se mide en solidaridad.<\/p>\n","protected":false},"excerpt":{"rendered":"<p>Smash que Alimenta \u201cSmash que Alimenta\u201d es una campa\u00f1a solidaria en la que tu hamburgueser\u00eda se une al Banco de Alimentos para combatir el hambre en la comunidad. La idea es simple pero poderosa:Por cada hamburguesa vendida, una parte se transforma en alimento para quien m\u00e1s lo necesita. No es una promoci\u00f3n. Es un compromiso. [&hellip;]<\/p>\n","protected":false},"author":1,"featured_media":0,"parent":0,"menu_order":0,"comment_status":"closed","ping_status":"closed","template":"","meta":{"footnotes":""},"class_list":["post-982","page","type-page","status-publish","hentry"],"blocksy_meta":[],"_links":{"self":[{"href":"http:\/\/alumno09.shopenlaces.com.es\/alumno09wp\/index.php?rest_route=\/wp\/v2\/pages\/982","targetHints":{"allow":["GET"]}}],"collection":[{"href":"http:\/\/alumno09.shopenlaces.com.es\/alumno09wp\/index.php?rest_route=\/wp\/v2\/pages"}],"about":[{"href":"http:\/\/alumno09.shopenlaces.com.es\/alumno09wp\/index.php?rest_route=\/wp\/v2\/types\/page"}],"author":[{"embeddable":true,"href":"http:\/\/alumno09.shopenlaces.com.es\/alumno09wp\/index.php?rest_route=\/wp\/v2\/users\/1"}],"replies":[{"embeddable":true,"href":"http:\/\/alumno09.shopenlaces.com.es\/alumno09wp\/index.php?rest_route=%2Fwp%2Fv2%2Fcomments&post=982"}],"version-history":[{"count":6,"href":"http:\/\/alumno09.shopenlaces.com.es\/alumno09wp\/index.php?rest_route=\/wp\/v2\/pages\/982\/revisions"}],"predecessor-version":[{"id":990,"href":"http:\/\/alumno09.shopenlaces.com.es\/alumno09wp\/index.php?rest_route=\/wp\/v2\/pages\/982\/revisions\/990"}],"wp:attachment":[{"href":"http:\/\/alumno09.shopenlaces.com.es\/alumno09wp\/index.php?rest_route=%2Fwp%2Fv2%2Fmedia&parent=982"}],"curies":[{"name":"wp","href":"https:\/\/api.w.org\/{rel}","templated":true}]}}